{"id":33,"date":"2012-11-30T09:02:54","date_gmt":"2012-11-30T08:02:54","guid":{"rendered":"http:\/\/www.mortendueholm.dk\/?page_id=33"},"modified":"2024-02-15T10:31:21","modified_gmt":"2024-02-15T08:31:21","slug":"panorama","status":"publish","type":"page","link":"https:\/\/www.mortendueholm.dk\/?page_id=33","title":{"rendered":"360\u00b0 fotos"},"content":{"rendered":"<p>Panorama fotos er en fin m\u00e5de, at vise mere p\u00e5. Det er ligesom med Google Street View, brug musen til at dreje billedet rundt. Eller fingeren, hvis du er p\u00e5 iPad eller anden mobil enhed.<\/p>\n<p>Eksempler:<br \/>\n<a href=\"http:\/\/www.mortendueholm.dk\/pano\/160615haldruin\/\" target=\"_blank\" rel=\"noopener\">Hald Ruin, panorama taget med drone<\/a><br \/>\n<a href=\"http:\/\/www.mortendueholm.dk\/pano\/150908rhv02\/\" target=\"_blank\" rel=\"noopener\">Byggepladsen p\u00e5 Regionshospitalet Viborg<\/a><br \/>\n<a href=\"http:\/\/www.mortendueholm.dk\/pano\/hovedgaden\/\" target=\"_blank\" rel=\"noopener\">Hovedgaden i Skals<\/a><br \/>\n<a href=\"http:\/\/www.mortendueholm.dk\/pano\/domplads\/\" target=\"_blank\" rel=\"noopener\">Domkirkepladsen i Viborg<\/a><br \/>\n<a href=\"http:\/\/www.mortendueholm.dk\/pano\/Nytorv\/\" target=\"_blank\" rel=\"noopener\">Nytorv i Viborg, f\u00f8r renoveringen<\/a><\/p>\n","protected":false},"excerpt":{"rendered":"<p>Panorama fotos er en fin m\u00e5de, at vise mere p\u00e5. Det er ligesom med Google Street View, brug musen til at dreje billedet rundt. Eller fingeren, hvis du er p\u00e5 iPad eller anden mobil enhed. Eksempler: Hald Ruin, panorama taget &hellip; <a href=\"https:\/\/www.mortendueholm.dk\/?page_id=33\">L\u00e6s resten <span class=\"meta-nav\">&rarr;<\/span><\/a><\/p>\n","protected":false},"author":1,"featured_media":0,"parent":0,"menu_order":0,"comment_status":"closed","ping_status":"closed","template":"","meta":{"footnotes":""},"_links":{"self":[{"href":"https:\/\/www.mortendueholm.dk\/index.php?rest_route=\/wp\/v2\/pages\/33"}],"collection":[{"href":"https:\/\/www.mortendueholm.dk\/index.php?rest_route=\/wp\/v2\/pages"}],"about":[{"href":"https:\/\/www.mortendueholm.dk\/index.php?rest_route=\/wp\/v2\/types\/page"}],"author":[{"embeddable":true,"href":"https:\/\/www.mortendueholm.dk\/index.php?rest_route=\/wp\/v2\/users\/1"}],"replies":[{"embeddable":true,"href":"https:\/\/www.mortendueholm.dk\/index.php?rest_route=%2Fwp%2Fv2%2Fcomments&post=33"}],"version-history":[{"count":3,"href":"https:\/\/www.mortendueholm.dk\/index.php?rest_route=\/wp\/v2\/pages\/33\/revisions"}],"predecessor-version":[{"id":195,"href":"https:\/\/www.mortendueholm.dk\/index.php?rest_route=\/wp\/v2\/pages\/33\/revisions\/195"}],"wp:attachment":[{"href":"https:\/\/www.mortendueholm.dk\/index.php?rest_route=%2Fwp%2Fv2%2Fmedia&parent=33"}],"curies":[{"name":"wp","href":"https:\/\/api.w.org\/{rel}","templated":true}]}}