{"id":54,"date":"2012-11-30T09:46:50","date_gmt":"2012-11-30T08:46:50","guid":{"rendered":"http:\/\/www.mortendueholm.dk\/?page_id=54"},"modified":"2024-02-15T10:24:51","modified_gmt":"2024-02-15T08:24:51","slug":"om-mig","status":"publish","type":"page","link":"https:\/\/www.mortendueholm.dk\/?page_id=54","title":{"rendered":"Info og kontakt"},"content":{"rendered":"<p>Uddannet fotojournalist fra Danmarks Journalisth\u00f8jskole i 1997 med praktikperioder p\u00e5 Politiken og Polfoto. Fastansat som fotograf p\u00e5 Viborg Stifts Folkeblad 1997-2020. Uddannet diplomingeni\u00f8r i elektronik fra Aarhus Universitet i januar 2024.<\/p>\n","protected":false},"excerpt":{"rendered":"<p>Uddannet fotojournalist fra Danmarks Journalisth\u00f8jskole i 1997 med praktikperioder p\u00e5 Politiken og Polfoto. Fastansat som fotograf p\u00e5 Viborg Stifts Folkeblad 1997-2020. Uddannet diplomingeni\u00f8r i elektronik fra Aarhus Universitet i januar 2024.<\/p>\n","protected":false},"author":1,"featured_media":0,"parent":0,"menu_order":0,"comment_status":"closed","ping_status":"closed","template":"","meta":{"footnotes":""},"_links":{"self":[{"href":"https:\/\/www.mortendueholm.dk\/index.php?rest_route=\/wp\/v2\/pages\/54"}],"collection":[{"href":"https:\/\/www.mortendueholm.dk\/index.php?rest_route=\/wp\/v2\/pages"}],"about":[{"href":"https:\/\/www.mortendueholm.dk\/index.php?rest_route=\/wp\/v2\/types\/page"}],"author":[{"embeddable":true,"href":"https:\/\/www.mortendueholm.dk\/index.php?rest_route=\/wp\/v2\/users\/1"}],"replies":[{"embeddable":true,"href":"https:\/\/www.mortendueholm.dk\/index.php?rest_route=%2Fwp%2Fv2%2Fcomments&post=54"}],"version-history":[{"count":8,"href":"https:\/\/www.mortendueholm.dk\/index.php?rest_route=\/wp\/v2\/pages\/54\/revisions"}],"predecessor-version":[{"id":193,"href":"https:\/\/www.mortendueholm.dk\/index.php?rest_route=\/wp\/v2\/pages\/54\/revisions\/193"}],"wp:attachment":[{"href":"https:\/\/www.mortendueholm.dk\/index.php?rest_route=%2Fwp%2Fv2%2Fmedia&parent=54"}],"curies":[{"name":"wp","href":"https:\/\/api.w.org\/{rel}","templated":true}]}}