{"id":93,"date":"2016-05-17T10:22:30","date_gmt":"2016-05-17T08:22:30","guid":{"rendered":"http:\/\/www.mortendueholm.dk\/?page_id=93"},"modified":"2016-06-15T21:53:43","modified_gmt":"2016-06-15T19:53:43","slug":"drone","status":"publish","type":"page","link":"https:\/\/www.mortendueholm.dk\/?page_id=93","title":{"rendered":"Drone"},"content":{"rendered":"<p>Foto og video taget fra luften giver billedet en ny dimension. Og begrebet overblik en ny betydning.<\/p>\n<p><a href=\"http:\/\/www.mortendueholm.dk\/wp-content\/uploads\/2016\/05\/160430-18.jpg\"><img loading=\"lazy\" decoding=\"async\" src=\"http:\/\/www.mortendueholm.dk\/wp-content\/uploads\/2016\/05\/160430-18.jpg\" alt=\"160430-18\" width=\"1200\" height=\"759\" class=\"alignnone size-full wp-image-94\" srcset=\"https:\/\/www.mortendueholm.dk\/wp-content\/uploads\/2016\/05\/160430-18.jpg 1200w, https:\/\/www.mortendueholm.dk\/wp-content\/uploads\/2016\/05\/160430-18-300x190.jpg 300w, https:\/\/www.mortendueholm.dk\/wp-content\/uploads\/2016\/05\/160430-18-768x486.jpg 768w, https:\/\/www.mortendueholm.dk\/wp-content\/uploads\/2016\/05\/160430-18-1024x648.jpg 1024w, https:\/\/www.mortendueholm.dk\/wp-content\/uploads\/2016\/05\/160430-18-474x300.jpg 474w\" sizes=\"(max-width: 1200px) 100vw, 1200px\" \/><\/a><\/p>\n<p>Jeg er certificeret droneoperat\u00f8r og har dermed &#8220;k\u00f8rekort&#8221; til drone. Pt. flyver jeg med en DJI Phantom 4, og m\u00e5 flyve steder hvor man som privat bruger ikke m\u00e5 flyve.<\/p>\n<p><a href=\"http:\/\/www.mortendueholm.dk\/wp-content\/uploads\/2016\/05\/160615-99.jpg\"><img loading=\"lazy\" decoding=\"async\" src=\"http:\/\/www.mortendueholm.dk\/wp-content\/uploads\/2016\/05\/160615-99.jpg\" alt=\"160615-99\" width=\"2000\" height=\"1417\" class=\"alignnone size-full wp-image-107\" srcset=\"https:\/\/www.mortendueholm.dk\/wp-content\/uploads\/2016\/05\/160615-99.jpg 2000w, https:\/\/www.mortendueholm.dk\/wp-content\/uploads\/2016\/05\/160615-99-300x213.jpg 300w, https:\/\/www.mortendueholm.dk\/wp-content\/uploads\/2016\/05\/160615-99-768x544.jpg 768w, https:\/\/www.mortendueholm.dk\/wp-content\/uploads\/2016\/05\/160615-99-1024x726.jpg 1024w, https:\/\/www.mortendueholm.dk\/wp-content\/uploads\/2016\/05\/160615-99-423x300.jpg 423w\" sizes=\"(max-width: 2000px) 100vw, 2000px\" \/><\/a><\/p>\n<p>Fotos, video og 360 graders panorama fra luften. Alt kan lade sig g\u00f8re.<\/p>\n<div style=\"width: 584px;\" class=\"wp-video\"><!--[if lt IE 9]><script>document.createElement('video');<\/script><![endif]-->\n<video class=\"wp-video-shortcode\" id=\"video-93-1\" width=\"584\" height=\"329\" preload=\"metadata\" controls=\"controls\"><source type=\"video\/mp4\" src=\"http:\/\/www.mortendueholm.dk\/wp-content\/uploads\/2016\/05\/160411UlbjergKlintVSF-1.mp4?_=1\" \/><a href=\"http:\/\/www.mortendueholm.dk\/wp-content\/uploads\/2016\/05\/160411UlbjergKlintVSF-1.mp4\">http:\/\/www.mortendueholm.dk\/wp-content\/uploads\/2016\/05\/160411UlbjergKlintVSF-1.mp4<\/a><\/video><\/div>\n","protected":false},"excerpt":{"rendered":"<p>Foto og video taget fra luften giver billedet en ny dimension. Og begrebet overblik en ny betydning. Jeg er certificeret droneoperat\u00f8r og har dermed &#8220;k\u00f8rekort&#8221; til drone. Pt. flyver jeg med en DJI Phantom 4, og m\u00e5 flyve steder hvor &hellip; <a href=\"https:\/\/www.mortendueholm.dk\/?page_id=93\">L\u00e6s resten <span class=\"meta-nav\">&rarr;<\/span><\/a><\/p>\n","protected":false},"author":1,"featured_media":0,"parent":0,"menu_order":0,"comment_status":"closed","ping_status":"closed","template":"","meta":{"footnotes":""},"_links":{"self":[{"href":"https:\/\/www.mortendueholm.dk\/index.php?rest_route=\/wp\/v2\/pages\/93"}],"collection":[{"href":"https:\/\/www.mortendueholm.dk\/index.php?rest_route=\/wp\/v2\/pages"}],"about":[{"href":"https:\/\/www.mortendueholm.dk\/index.php?rest_route=\/wp\/v2\/types\/page"}],"author":[{"embeddable":true,"href":"https:\/\/www.mortendueholm.dk\/index.php?rest_route=\/wp\/v2\/users\/1"}],"replies":[{"embeddable":true,"href":"https:\/\/www.mortendueholm.dk\/index.php?rest_route=%2Fwp%2Fv2%2Fcomments&post=93"}],"version-history":[{"count":5,"href":"https:\/\/www.mortendueholm.dk\/index.php?rest_route=\/wp\/v2\/pages\/93\/revisions"}],"predecessor-version":[{"id":108,"href":"https:\/\/www.mortendueholm.dk\/index.php?rest_route=\/wp\/v2\/pages\/93\/revisions\/108"}],"wp:attachment":[{"href":"https:\/\/www.mortendueholm.dk\/index.php?rest_route=%2Fwp%2Fv2%2Fmedia&parent=93"}],"curies":[{"name":"wp","href":"https:\/\/api.w.org\/{rel}","templated":true}]}}